{"id":4645,"date":"2023-01-25T16:56:14","date_gmt":"2023-01-25T15:56:14","guid":{"rendered":"https:\/\/ritambalkana.com\/promo\/?page_id=4645"},"modified":"2024-09-12T19:04:31","modified_gmt":"2024-09-12T18:04:31","slug":"uvjeti-koristenja","status":"publish","type":"page","link":"https:\/\/ritambalkana.com\/promo\/uvjeti-koristenja\/","title":{"rendered":"Uvjeti kori\u0161tenja"},"content":{"rendered":"\n<p>Interaktivna usluga koju pru\u017ea Ritam Balkana putem internetske stranice ritambalkana.com\/digital (dalje u tekstu: Ritam Balkana) sastoji se od upravljanja sadr\u017eajem, provo\u0111enja financijskih transakcija, organizacije i posredovanja pri prodaji kao i pru\u017eanja usluga putem interneta.<\/p>\n\n\n\n<p>Kori\u0161tenjem internetske stranice ritambalkana.com\/digital smatra se da ste u potpunosti upoznati i suglasni s ovdje navedenim Uvjetima kori\u0161tenja\/Uvjetima prodaje\/Izjavom o povjerljivosti podataka. Ukoliko se s istima ne sla\u017eete i ne prihva\u0107ate ih, molimo vas da se ne koristite ovom internetskom stranicom.<br>Uvjeti kori\u0161tenja odnose se na kori\u0161tenje internetskih stranica ritambalkana.com\/digital od strane korisnika. Svakim daljnjim kori\u0161tenjem ovih Internetskih stranica nakon upoznavanja s Uvjetima kori\u0161tenja, smatra se da su korisnici suglasni s ovdje iznesenim uvjetima i pravilima te pristaju na kori\u0161tenje Internetskih stranica sukladno tim uvjetima.<\/p>\n\n\n\n<p>Korisnik je odgovoran za za\u0161titu povjerljivosti lozinki\/zaporki koje se pojavljuju i kreiraju pri kori\u0161tenju usluga koje pru\u017ea Ritam Balkana. Tako\u0111er, krajnji korisnik je upoznat i suglasan s \u010dinjenicom da pri kori\u0161tenju internetskom mre\u017eom ponekad mo\u017ee do\u0107i do tehni\u010dkih problema pri funkcioniranju iste, a s time i do prekida usluga. Takvi i sli\u010dni doga\u0111aji su izvan mogu\u0107nosti kontrole od strane Ritma Balkana, pa iz toga razloga Ritam Balkana ne mo\u017ee biti odgovoran za bilo kakav gubitak podataka ili kakav drugi doga\u0111aj do kojeg mo\u017ee do\u0107i za vrijeme pru\u017eanja usluga od strane Ritma Balkana.<\/p>\n\n\n\n<p>Korisnik je suglasan s time da pristup internet stranici ritambalkana.com\/digital ponekad mo\u017ee biti u prekidu, privremeno nedostupan ili isklju\u010den iz razloga kako rutinskog odr\u017eavanja stranice tako i iz drugih razloga za koje nije odgovoran Ritam Balkana. Korisnik ili krajnji korisnik je svaka osoba koja na bilo koji na\u010din kako neposredno tako i posredno koristi ili je koristila usluge Ritma Balkana.<\/p>\n\n\n\n<p>Ritam Balkana zadr\u017eava pravo u bilo kojem trenutku izmijeniti ili ukinuti bilo koji segment poslovanja, uklju\u010duju\u0107i, i bez ograni\u010denja, vrijeme dostupnosti, sadr\u017eaj, kao i opremu potrebnu za pristup ili kori\u0161tenje internet stranica. Isto tako, Ritam Balkana mo\u017ee prestati slati informacije ili dio informacija, mo\u017ee promijeniti ili ukinuti bilo koji na\u010din prijenosa podataka, te mo\u017ee promijeniti brzine prijenosa podataka, kao i bilo koje njihove druge karakteristike.<\/p>\n\n\n\n<p>Ritam Balkana zadr\u017eava pravo u svakom trenutku, i bez prethodne obavijesti, ukoliko to smatra potrebnim, ukinuti ili izmijeniti bilo koji od ovdje navedenih Uvjeta kori\u0161tenja internetske stranice i\/ili Izjavu o povjerljivosti podataka.<\/p>\n\n\n\n<p>Predmetne izmjene mogu izme\u0111u ostalog uklju\u010divati i uvo\u0111enje odre\u0111enih naknada ili naplata, stoga savjetujemo korisnike da periodi\u010dno ponovno detaljno pro\u010ditaju informacije sadr\u017eane u Uvjetima kori\u0161tenja i Izjavi o povjerljivosti podataka, a kako bi bili informirani o eventualnim promjenama.<\/p>\n\n\n\n<p>U slu\u010daju da do\u0111e do promijene Uvjeta kori\u0161tenja i\/ili Izjave o povjerljivosti podataka, a korisnik nastavi koristiti na\u0161e internetske stranice, smatra se da prihva\u0107a Uvjete kori\u0161tenja i Izjavu o povjerljivosti podataka u izmijenjenom obliku. Svaka eventualna izmjena ili brisanje uvjeta kori\u0161tenja va\u017ee\u0107a je prema tre\u0107ima odmah po objavi na internetskim stranicama ritambalkana.com\/digital. Svako kori\u0161tenje, osim upoznavanja s izmjenama uvjeta, predmetnih internetskih stranica od strane krajnjeg korisnika nakon takve promjene podrazumijevat \u0107e se kao prihva\u0107anje tih promjena.<\/p>\n\n\n\n<p>Obveza i du\u017enost korisnika je da koristi internetsku stranicu ritambalkana.com\/digital isklju\u010divo u skladu s propisima Republike Hrvatske, kao i s op\u0107im moralnim i eti\u010dkim na\u010delima.<\/p>\n\n\n\n<p>Korisnik je isklju\u010divo odgovoran za nabavu i odr\u017eavanje svoje ra\u010dunalne opreme, uklju\u010duju\u0107i cjelokupan hardver i softver koji posjeduje i koji koristi, kao i drugu opremu potrebnu za pristup i kori\u0161tenje internetskih stranica ritambalkana.com\/digital, isto tako samostalno snosi i sve s tim povezane tro\u0161kove. Ritam Balkana isklju\u010duje svaku odgovornost za bilo kakva o\u0161te\u0107enja opreme i drugih stvari krajnjeg korisnika koja eventualno mogu nastati kao posljedica kori\u0161tenja internetskih stranica ritambalkana.com\/digital.<\/p>\n\n\n\n<p>Kori\u0161tenjem internetskih stranica ritambalkana.com\/digital od strane korisnika, smatra se da je korisnik suglasan da sva komunikacija i interakcija koja se odvija putem internetskih stranica ritambalkana.com\/digital mora biti u skladu s ovim Uvjetima kori\u0161tenja Korisnici ne smiju putem ovih internetskih stranica objavljivati, prenositi ili u\u010diniti dostupnima na bilo koji na\u010din nikakve materijale \u010dijim sadr\u017eajem se na bilo koji na\u010din kr\u0161e prava drugih, primjerice, sadr\u017eaj koji je uvredljiv, klevetni\u010dki, koji naru\u0161ava ili ugro\u017eava privatnost itd., kao ni materijale nezakonitog sadr\u017eaja i forme. Ritam Balkana zadr\u017eava diskrecijsko pravo da samo ocijeni je li do\u0161lo do povrede obveza od strane korisnika.<\/p>\n\n\n\n<p>Korisnik ne smije bez prethodnog pismenog odobrenja Ritma Balkana objavljivati, prenositi ili u\u010diniti dostupnima na bilo koji na\u010din sadr\u017eaj koji sadr\u017ei oglas, reklamu ili ponudu bilo \u010dijih proizvoda i usluga, kao ni vjersku, politi\u010dku i nekomercijalnu promid\u017ebu, a posebno ne smije vrbovati druge korisnike internetskih stranica ritambalkana.com\/digital da postanu korisnici druge usluge koja je direktna ili indirektna konkurencija Ritmu Balkana.<\/p>\n\n\n\n<p>Ritam Balkana zadr\u017eava diskrecijsko pravo da samostalno ocijeni da li je do\u0161lo do povrede obveza od strane korisnika.<\/p>\n\n\n\n<p>Zabranjena je bilo kakva distribucija, kopiranje, prijenos, povezivanje, objavljivanje ili na bilo koji na\u010din mijenjanje ovih internetskih stranica bez pismenog odobrenja Ritma Balkana. Svako kr\u0161enje spomenute zabrane mo\u017ee imati za posljedicu povredu autorskih prava, prava \u017eiga, ili kakvog drugog prava pa stoga mo\u017ee proizvesti ne\u017eeljene u\u010dinke kao \u0161to su pokretanja vi\u0161e vrsta sudskih postupaka, a osobito mo\u017ee dovesti do kaznenog progona.<\/p>\n\n\n\n<p>Korisnik ne smije mijenjati, objavljivati, prenositi, sudjelovati u prijenosu ili prodaji, stvarati izvedenice, ili na bilo koji drugi na\u010din iskori\u0161tavati bilo koji sadr\u017eaj sa internetske stranice ritambalkana.com\/digital, u cijelosti ili djelomi\u010dno. Tako\u0111er nije dozvoljeno kopiranje, redistribucija, ponovni prijenos, izdavanje ili komercijalno iskori\u0161tavanje preuzetog materijala.<\/p>\n\n\n\n<p>Korisnik mo\u017ee sa internetske stranice ritambalkana.com\/digital preuzimati, ispisivati i spremati materijale za\u0161ti\u0107ene autorskim pravom samo u svrhu svoje vlastite i osobne upotrebe.<\/p>\n\n\n\n<p>Korisnik se izri\u010dito obvezuje da ne\u0107e na internetskim stranicama ritambalkana.com\/digital postavljati, objavljivati, ili na bilo koji drugi na\u010din \u010diniti dostupnima bilo kakav materijal koji podlije\u017ee autorskom pravu, \u017eigu, ili drugim pravima, bez izri\u010ditog odobrenja nositelja tih prava, te je kao takav isklju\u010divo odgovoran za eventualnu \u0161tetu nastalu kr\u0161enjem ove svoje obveze. Do saznanja je li neki od materijala na internetskoj stranici za\u0161ti\u0107en nekim od prava, korisnik mora do\u0107i samostalno, pa stoga Ritam Balkana nije u obvezi takve informacije iznositi ili objaviti.<\/p>\n\n\n\n<p>Postavljanjem materijala od strane korisnika bilo kojeg sadr\u017eaja na bilo koji dio internetskih stranica ritambalkana.com\/digital, korisnik jam\u010di da je nositelj prava na tim materijalima dao Ritmu Balkana pravno valjano, besplatno, neograni\u010deno pravo\/licencu na kori\u0161tenje, reprodukciju, modificiranje, prilago\u0111avanje, objavljivanje, prevo\u0111enje i distribuciju takvog materijala. Drugi korisnici imaju pravo pristupanja, pregledanja, spremanja ili reprodukcije tog materijala samo za njihovu vlastitu i osobnu upotrebu.<\/p>\n\n\n\n<p>Korisnik je suglasan da je kori\u0161tenje internetskih stranica ritambalkana.com\/digital isklju\u010divo na njegovu vlastitu odgovornost. Ritam Balkana, kao niti jedna tre\u0107a osoba povezana sa njome, ne jam\u010de ni na koji na\u010din da upotreba ove internetske stranice ne\u0107e biti prekinuta, ili da \u0107e biti bez pote\u0161ko\u0107a u radu. Isto tako Ritam Balkana nije odgovoran za posljedice koje mogu nastati upotrebom ove internetske stranice, kao ni za to\u010dnost, pouzdanost ili sadr\u017eaj bilo koje informacije, usluge ili robe dane preko ovih internetskih stranica.<\/p>\n\n\n\n<p>Ova izjava o odgovornosti odnosi se na sve eventualno nastale \u0161tete ili mogu\u0107e ozljede uzrokovane bilo kakvom gre\u0161kom, brisanjem, prekidom, ra\u010dunalnim virusom, kvarom, ka\u0161njenjem u radu ili prijenosu, prekidom u komunikacijskoj liniji, kra\u0111om, raskidom ugovora, uni\u0161tenjem ili neovla\u0161tenim pristupom, promjenama ili zlouporabom zapisa, neprikladnim pona\u0161anjem, nemarom, ili bilo kakvom drugom radnjom. Korisnik je suglasan da Ritam Balkana nije odgovoran za neprikladno ili protuzakonito pona\u0161anje drugih korisnika ili tre\u0107ih strana te da je rizik od eventualnih \u0161teta u potpunosti na korisniku.<br>Ritam Balkana nije ni u kojem slu\u010daju odgovoran za bilo kakvu \u0161tetu koja mo\u017ee nastati kao posljedica kori\u0161tenja, ili zbog nemogu\u0107nosti kori\u0161tenja internetskih stranica ritambalkana.com\/digital djelomi\u010dno ili u cijelosti.<\/p>\n\n\n\n<p>Ritam Balkana nije odgovoran za bilo kakav sadr\u017eaj koji korisnik, pretplatnik, ili neovla\u0161teni korisnik mo\u017ee postaviti na internetske stranice ritambalkana.com\/digital. Bilo kakav sadr\u017eaj koji nije u skladu s uvjetima kori\u0161tenja u svakom trenutku mo\u017ee biti uklonjen ili promijenjen bez posebne najave ili obrazlo\u017eenja.<br>Ritam Balkana mo\u017ee u svakom trenutku vr\u0161iti kontrolu sadr\u017eaja na internetskim stranicama ritambalkana.com\/digital, posebno interaktivnog djela, a s ciljem da osigura po\u0161tivanje kako ovih uvjeta kori\u0161tenja tako i po\u0161tivanje pozitivnih propisa Republike Hrvatske. Shodno tome Ritam Balkana zadr\u017eava pravo uklanjanja bilo kojeg materijala za koji prema vlastitoj diskrecijskoj ocjeni utvrdi da nije u skladu s ovdje postavljenim uvjetima, kao i ukinuti lozinke\/zaporke ili korisni\u010dke ra\u010dune korisnika.<br>Korisnik je suglasan da su sve interaktivne opcije, a posebno komunikacija putem privatnih poruka, chata, foruma ili drugi na\u010dini slanja poruka ili me\u0111usobnog komuniciranja javnog karaktera i nemaju status povjerljivih informacija pa stoga Ritam Balkana mo\u017ee nadzirati sadr\u017eaj komunikacije korisnika bez njihovog znanja i posebnog odobrenja. Po\u0161to Ritam Balkana obavezno ne kontrolira ili autorizira sadr\u017eaj poruka ili informacija koje se mogu na\u0107i na internetskim stranicama ritambalkana.com\/digital, Ritam Balkana nije odgovoran kako za radnje koje korisnik poduzima u bilo u bilo kojem djelu internetskih stranica ritambalkana.com\/digital, tako i za sadr\u017eaj koji bi korisnik mogao postaviti na istima.<\/p>\n\n\n\n<p>Objavljivanjem komentara, poruka ili drugih informacija na internetskim stranicama ritambalkana.com\/digital, smatra se da korisnik daje Ritmu Balkana pravo kori\u0161tenja tih komentara, poruka ili informacija u svrhu promocije, ogla\u0161avanja, istra\u017eivanja tr\u017ei\u0161ta, ili bilo koju drugu pravno dozvoljenu namjenu.<\/p>\n\n\n\n<p>Korisnik izri\u010dito izjavljuje da ne\u0107e smatrati odgovornim Ritam Balkana, njegove podru\u017enice, odgovorne osobe u dru\u0161tvu, zaposlenike i agente za naknadu eventualne \u0161tete i tro\u0161kova, uklju\u010duju\u0107i i tro\u0161kove pravnog zastupanja, a koji bi mogli nastati kori\u0161tenjem internetskim stranicama ritambalkana.com\/digital od strane korisnika.<\/p>\n\n\n\n<p>Ritam Balkana mo\u017ee u svako doba raskinuti poslovni odnos s bilo kojim svojim korisnikom te mu ukinuti lozinke\/zaporke ili korisni\u010dke ra\u010dune. U tom slu\u010daju ne prestaju vrijediti uvjeti koji se odnose na odgovornost i obveze korisnika. Ritam Balkana ne jam\u010di za to\u010dnost, potpunost ili korisnost bilo kojeg sadr\u017eaja na internetskim stranicama ritambalkana.com\/digital postavljenog od strane korisnika, tre\u0107ih osoba ili neovla\u0161tenih korisnika.<\/p>\n\n\n\n<p>Ritam Balkana nije odgovoran za bilo kakav eventualni gubitak ili \u0161tetu nastalu iz razloga \u0161to se korisnik oslonio na informacije dobivene na internetskim stranicama ritambalkana.com\/digital.<\/p>\n\n\n\n<p>Ritam Balkana se izri\u010dito ogra\u0111uje u svakom smislu od sadr\u017eaja materijala na internet stranicama tre\u0107ih strana, a na koje bi se moglo pristupiti sa internetske stranice ritambalkana.com\/digital. U slu\u010daju da korisnik pristupiti internet stranicama tre\u0107ih strana, isti to \u010dini isklju\u010divo i samo na vlastitu odgovornost, \u0161to podrazumijeva svako isklju\u010denje odgovornosti Ritma Balkana.<\/p>\n\n\n\n<p>U slu\u010daju da je neka od stavki ovih uvjeta kori\u0161tenja ni\u0161tava, takva ni\u0161tavost ne\u0107e utjecati na valjanost bilo koje druge odredbe ovih uvjeta, te \u0107e preostali dijelovi ovih Uvjeta \u0107e ostati na snazi, a ni\u0161tava odredba \u0107e se zamijeniti valjanom odredbom koja po smislu i pravoj volji najvi\u0161e odgovara odredbi koja je ni\u0161tava. Ukoliko bilo koja strana ne iskoristi svoja prava iz ovih uvjeta kori\u0161tenja, to se ne\u0107e smatrati odricanjem ili gubitkom tih prava, kao ni bilo kojih drugih ovdje navedenih prava.<\/p>\n\n\n\n<p>Zabranjeno je kori\u0161tenje internetske stranice ritambalkana.com\/digital osobama mla\u0111im od 14. godina.<\/p>\n\n\n\n<p>Registracijom\/otvaranjem korisni\u010dkog ra\u010duna na internetskoj stranici ritambalkana.com\/digital smatra se da je korisnik ove Uvjete kori\u0161tenja u cijelosti pro\u010ditao.<\/p>\n\n\n\n<div style=\"height:75px\" aria-hidden=\"true\" class=\"wp-block-spacer\"><\/div>\n","protected":false},"excerpt":{"rendered":"<p>Interaktivna usluga koju pru\u017ea Ritam Balkana putem internetske stranice ritambalkana.com\/digital (dalje u tekstu: Ritam Balkana) sastoji se od upravljanja sadr\u017eajem, provo\u0111enja financijskih transakcija, organizacije i posredovanja pri prodaji kao i pru\u017eanja usluga putem interneta. Kori\u0161tenjem internetske stranice ritambalkana.com\/digital smatra se da ste u potpunosti upoznati i suglasni s ovdje navedenim Uvjetima kori\u0161tenja\/Uvjetima prodaje\/Izjavom o povjerljivosti [&hellip;] <a class=\"g1-link g1-link-more\" href=\"https:\/\/ritambalkana.com\/promo\/uvjeti-koristenja\/\">More<\/a><\/p>\n","protected":false},"author":1,"featured_media":0,"parent":0,"menu_order":0,"comment_status":"closed","ping_status":"closed","template":"g1-template-page-full.php","meta":{"_aioseop_title":"","_aioseop_description":"","iawp_total_views":0,"footnotes":""},"class_list":["post-4645","page","type-page","status-publish"],"wps_subtitle":"","_links":{"self":[{"href":"https:\/\/ritambalkana.com\/promo\/wp-json\/wp\/v2\/pages\/4645"}],"collection":[{"href":"https:\/\/ritambalkana.com\/promo\/wp-json\/wp\/v2\/pages"}],"about":[{"href":"https:\/\/ritambalkana.com\/promo\/wp-json\/wp\/v2\/types\/page"}],"author":[{"embeddable":true,"href":"https:\/\/ritambalkana.com\/promo\/wp-json\/wp\/v2\/users\/1"}],"replies":[{"embeddable":true,"href":"https:\/\/ritambalkana.com\/promo\/wp-json\/wp\/v2\/comments?post=4645"}],"version-history":[{"count":2,"href":"https:\/\/ritambalkana.com\/promo\/wp-json\/wp\/v2\/pages\/4645\/revisions"}],"predecessor-version":[{"id":5195,"href":"https:\/\/ritambalkana.com\/promo\/wp-json\/wp\/v2\/pages\/4645\/revisions\/5195"}],"wp:attachment":[{"href":"https:\/\/ritambalkana.com\/promo\/wp-json\/wp\/v2\/media?parent=4645"}],"curies":[{"name":"wp","href":"https:\/\/api.w.org\/{rel}","templated":true}]}}