{"id":4627,"date":"2023-01-25T01:18:36","date_gmt":"2023-01-25T00:18:36","guid":{"rendered":"https:\/\/ritambalkana.com\/promo\/?page_id=4627"},"modified":"2024-09-12T18:57:01","modified_gmt":"2024-09-12T17:57:01","slug":"o-nama","status":"publish","type":"page","link":"https:\/\/ritambalkana.com\/promo\/o-nama\/","title":{"rendered":"O Nama"},"content":{"rendered":"\t\t<div data-elementor-type=\"wp-page\" data-elementor-id=\"4627\" class=\"elementor elementor-4627\">\n\t\t\t\t\t\t<section class=\"elementor-section elementor-top-section elementor-element elementor-element-e47423e elementor-section-boxed elementor-section-height-default elementor-section-height-default\" data-id=\"e47423e\" data-element_type=\"section\">\n\t\t\t\t\t\t<div class=\"elementor-container elementor-column-gap-default\">\n\t\t\t\t\t<div class=\"elementor-column elementor-col-50 elementor-top-column elementor-element elementor-element-5a279c7\" data-id=\"5a279c7\" data-element_type=\"column\">\n\t\t\t<div class=\"elementor-widget-wrap elementor-element-populated\">\n\t\t\t\t\t\t<div class=\"elementor-element elementor-element-e2f4ff2 elementor-widget elementor-widget-text-editor\" data-id=\"e2f4ff2\" data-element_type=\"widget\" data-widget_type=\"text-editor.default\">\n\t\t\t\t<div class=\"elementor-widget-container\">\n\t\t\t<style>\/*! elementor - v3.23.0 - 15-07-2024 *\/\n.elementor-widget-text-editor.elementor-drop-cap-view-stacked .elementor-drop-cap{background-color:#69727d;color:#fff}.elementor-widget-text-editor.elementor-drop-cap-view-framed .elementor-drop-cap{color:#69727d;border:3px solid;background-color:transparent}.elementor-widget-text-editor:not(.elementor-drop-cap-view-default) .elementor-drop-cap{margin-top:8px}.elementor-widget-text-editor:not(.elementor-drop-cap-view-default) .elementor-drop-cap-letter{width:1em;height:1em}.elementor-widget-text-editor .elementor-drop-cap{float:left;text-align:center;line-height:1;font-size:50px}.elementor-widget-text-editor .elementor-drop-cap-letter{display:inline-block}<\/style>\t\t\t\t<p><strong>RB Promo<\/strong>, pru\u017ea usluge od odnosa s javno\u0161\u0107u, digitalnih komunikacija, contenta, digitalnih kreativnih rje\u0161enja, performance marketinga do izrade web stranica i aplikacija.<\/p><p>Pomagati na\u0161im klijenima u poslu zna\u010di predstavljati ih publici na nove na\u010dine. Ve\u0107ina marketin\u0161kih poruka u kona\u010dnici zvu\u010di op\u0107enito, jer velik broj agencija ne uzima vremena za istinsko razumijevanje svojih klijenata i pri\u010da koje stoje iza njihovih karijera, zato je nama va\u0161 projekt i va\u0161a pri\u010da najva\u017enija.<\/p><p>Ako tra\u017eite mladi tim stru\u010dnjaka koji je kreativan i u\u010dinkovit, mi smo pravi izbor za Vas.<\/p>\t\t\t\t\t\t<\/div>\n\t\t\t\t<\/div>\n\t\t\t\t\t<\/div>\n\t\t<\/div>\n\t\t\t\t<div class=\"elementor-column elementor-col-50 elementor-top-column elementor-element elementor-element-ee67e79\" data-id=\"ee67e79\" data-element_type=\"column\">\n\t\t\t<div class=\"elementor-widget-wrap elementor-element-populated\">\n\t\t\t\t\t\t<div class=\"elementor-element elementor-element-82a15da elementor-widget elementor-widget-image\" data-id=\"82a15da\" data-element_type=\"widget\" data-widget_type=\"image.default\">\n\t\t\t\t<div class=\"elementor-widget-container\">\n\t\t\t<style>\/*! elementor - v3.23.0 - 15-07-2024 *\/\n.elementor-widget-image{text-align:center}.elementor-widget-image a{display:inline-block}.elementor-widget-image a img[src$=\".svg\"]{width:48px}.elementor-widget-image img{vertical-align:middle;display:inline-block}<\/style>\t\t\t\t\t\t\t\t\t\t<img fetchpriority=\"high\" decoding=\"async\" data-expand=\"600\" width=\"662\" height=\"442\" src=\"data:image\/svg+xml;charset=utf-8,%3Csvg xmlns%3D'http%3A%2F%2Fwww.w3.org%2F2000%2Fsvg' viewBox%3D'0 0 662 442'%2F%3E\" data-src=\"https:\/\/ritambalkana.com\/promo\/wp-content\/uploads\/2023\/01\/o-nama-1024x683.jpg\" class=\"lazyload attachment-large size-large wp-image-4736\" alt=\"\" data-srcset=\"https:\/\/ritambalkana.com\/promo\/wp-content\/uploads\/2023\/01\/o-nama-1024x683.jpg 1024w, https:\/\/ritambalkana.com\/promo\/wp-content\/uploads\/2023\/01\/o-nama-300x200.jpg 300w, https:\/\/ritambalkana.com\/promo\/wp-content\/uploads\/2023\/01\/o-nama-768x512.jpg 768w, https:\/\/ritambalkana.com\/promo\/wp-content\/uploads\/2023\/01\/o-nama-180x120.jpg 180w, https:\/\/ritambalkana.com\/promo\/wp-content\/uploads\/2023\/01\/o-nama-620x413.jpg 620w, https:\/\/ritambalkana.com\/promo\/wp-content\/uploads\/2023\/01\/elementor\/thumbs\/o-nama-q1fmefdbx0syb6ill0ppk59zsa9dwe3lax1obevxk0.jpg 600w, https:\/\/ritambalkana.com\/promo\/wp-content\/uploads\/2023\/01\/o-nama-407x271.jpg 407w, https:\/\/ritambalkana.com\/promo\/wp-content\/uploads\/2023\/01\/o-nama-813x542.jpg 813w, https:\/\/ritambalkana.com\/promo\/wp-content\/uploads\/2023\/01\/o-nama-608x405.jpg 608w, https:\/\/ritambalkana.com\/promo\/wp-content\/uploads\/2023\/01\/o-nama-833x555.jpg 833w, https:\/\/ritambalkana.com\/promo\/wp-content\/uploads\/2023\/01\/o-nama-72x48.jpg 72w, https:\/\/ritambalkana.com\/promo\/wp-content\/uploads\/2023\/01\/o-nama-144x96.jpg 144w, https:\/\/ritambalkana.com\/promo\/wp-content\/uploads\/2023\/01\/o-nama.jpg 1200w\" data-sizes=\"(max-width: 662px) 100vw, 662px\" \/>\t\t\t\t\t\t\t\t\t\t\t\t\t<\/div>\n\t\t\t\t<\/div>\n\t\t\t\t\t<\/div>\n\t\t<\/div>\n\t\t\t\t\t<\/div>\n\t\t<\/section>\n\t\t\t\t<section class=\"elementor-section elementor-top-section elementor-element elementor-element-d3c5389 elementor-section-boxed elementor-section-height-default elementor-section-height-default\" data-id=\"d3c5389\" data-element_type=\"section\">\n\t\t\t\t\t\t<div class=\"elementor-container elementor-column-gap-default\">\n\t\t\t\t\t<div class=\"elementor-column elementor-col-100 elementor-top-column elementor-element elementor-element-78cfdb5\" data-id=\"78cfdb5\" data-element_type=\"column\">\n\t\t\t<div class=\"elementor-widget-wrap elementor-element-populated\">\n\t\t\t\t\t\t<div class=\"elementor-element elementor-element-cea3352 elementor-widget elementor-widget-spacer\" data-id=\"cea3352\" data-element_type=\"widget\" data-widget_type=\"spacer.default\">\n\t\t\t\t<div class=\"elementor-widget-container\">\n\t\t\t<style>\/*! elementor - v3.23.0 - 15-07-2024 *\/\n.elementor-column .elementor-spacer-inner{height:var(--spacer-size)}.e-con{--container-widget-width:100%}.e-con-inner>.elementor-widget-spacer,.e-con>.elementor-widget-spacer{width:var(--container-widget-width,var(--spacer-size));--align-self:var(--container-widget-align-self,initial);--flex-shrink:0}.e-con-inner>.elementor-widget-spacer>.elementor-widget-container,.e-con>.elementor-widget-spacer>.elementor-widget-container{height:100%;width:100%}.e-con-inner>.elementor-widget-spacer>.elementor-widget-container>.elementor-spacer,.e-con>.elementor-widget-spacer>.elementor-widget-container>.elementor-spacer{height:100%}.e-con-inner>.elementor-widget-spacer>.elementor-widget-container>.elementor-spacer>.elementor-spacer-inner,.e-con>.elementor-widget-spacer>.elementor-widget-container>.elementor-spacer>.elementor-spacer-inner{height:var(--container-widget-height,var(--spacer-size))}.e-con-inner>.elementor-widget-spacer.elementor-widget-empty,.e-con>.elementor-widget-spacer.elementor-widget-empty{position:relative;min-height:22px;min-width:22px}.e-con-inner>.elementor-widget-spacer.elementor-widget-empty .elementor-widget-empty-icon,.e-con>.elementor-widget-spacer.elementor-widget-empty .elementor-widget-empty-icon{position:absolute;top:0;bottom:0;left:0;right:0;margin:auto;padding:0;width:22px;height:22px}<\/style>\t\t<div class=\"elementor-spacer\">\n\t\t\t<div class=\"elementor-spacer-inner\"><\/div>\n\t\t<\/div>\n\t\t\t\t<\/div>\n\t\t\t\t<\/div>\n\t\t\t\t\t<\/div>\n\t\t<\/div>\n\t\t\t\t\t<\/div>\n\t\t<\/section>\n\t\t\t\t<section class=\"elementor-section elementor-top-section elementor-element elementor-element-e25ae11 elementor-section-boxed elementor-section-height-default elementor-section-height-default\" data-id=\"e25ae11\" data-element_type=\"section\">\n\t\t\t\t\t\t<div class=\"elementor-container elementor-column-gap-default\">\n\t\t\t\t\t<div class=\"elementor-column elementor-col-33 elementor-top-column elementor-element elementor-element-ac9dbda\" data-id=\"ac9dbda\" data-element_type=\"column\">\n\t\t\t<div class=\"elementor-widget-wrap elementor-element-populated\">\n\t\t\t\t\t\t<div class=\"elementor-element elementor-element-1ff54a4 elementor-widget elementor-widget-counter\" data-id=\"1ff54a4\" data-element_type=\"widget\" data-widget_type=\"counter.default\">\n\t\t\t\t<div class=\"elementor-widget-container\">\n\t\t\t<style>\/*! elementor - v3.23.0 - 15-07-2024 *\/\n.elementor-counter{display:flex;justify-content:center;align-items:stretch;flex-direction:column-reverse}.elementor-counter .elementor-counter-number{flex-grow:var(--counter-number-grow,0)}.elementor-counter .elementor-counter-number-wrapper{flex:1;display:flex;font-size:69px;font-weight:600;line-height:1;text-align:center}.elementor-counter .elementor-counter-number-prefix{text-align:end;flex-grow:var(--counter-prefix-grow,1);white-space:pre-wrap}.elementor-counter .elementor-counter-number-suffix{text-align:start;flex-grow:var(--counter-suffix-grow,1);white-space:pre-wrap}.elementor-counter .elementor-counter-title{flex:1;display:flex;justify-content:center;align-items:center;margin:0;padding:0;font-size:19px;font-weight:400;line-height:2.5}<\/style>\t\t<div class=\"elementor-counter\">\n\t\t\t<div class=\"elementor-counter-title\">klijenata<\/div>\t\t\t<div class=\"elementor-counter-number-wrapper\">\n\t\t\t\t<span class=\"elementor-counter-number-prefix\"><\/span>\n\t\t\t\t<span class=\"elementor-counter-number\" data-duration=\"2000\" data-to-value=\"100\" data-from-value=\"0\" data-delimiter=\",\">0<\/span>\n\t\t\t\t<span class=\"elementor-counter-number-suffix\">+<\/span>\n\t\t\t<\/div>\n\t\t<\/div>\n\t\t\t\t<\/div>\n\t\t\t\t<\/div>\n\t\t\t\t\t<\/div>\n\t\t<\/div>\n\t\t\t\t<div class=\"elementor-column elementor-col-33 elementor-top-column elementor-element elementor-element-b428252\" data-id=\"b428252\" data-element_type=\"column\">\n\t\t\t<div class=\"elementor-widget-wrap elementor-element-populated\">\n\t\t\t\t\t\t<div class=\"elementor-element elementor-element-e884dcd elementor-widget elementor-widget-counter\" data-id=\"e884dcd\" data-element_type=\"widget\" data-widget_type=\"counter.default\">\n\t\t\t\t<div class=\"elementor-widget-container\">\n\t\t\t\t\t<div class=\"elementor-counter\">\n\t\t\t<div class=\"elementor-counter-title\">projekata<\/div>\t\t\t<div class=\"elementor-counter-number-wrapper\">\n\t\t\t\t<span class=\"elementor-counter-number-prefix\"><\/span>\n\t\t\t\t<span class=\"elementor-counter-number\" data-duration=\"2000\" data-to-value=\"350\" data-from-value=\"0\" data-delimiter=\",\">0<\/span>\n\t\t\t\t<span class=\"elementor-counter-number-suffix\">+<\/span>\n\t\t\t<\/div>\n\t\t<\/div>\n\t\t\t\t<\/div>\n\t\t\t\t<\/div>\n\t\t\t\t\t<\/div>\n\t\t<\/div>\n\t\t\t\t<div class=\"elementor-column elementor-col-33 elementor-top-column elementor-element elementor-element-459e404\" data-id=\"459e404\" data-element_type=\"column\">\n\t\t\t<div class=\"elementor-widget-wrap elementor-element-populated\">\n\t\t\t\t\t\t<div class=\"elementor-element elementor-element-5f24e26 elementor-widget elementor-widget-counter\" data-id=\"5f24e26\" data-element_type=\"widget\" data-widget_type=\"counter.default\">\n\t\t\t\t<div class=\"elementor-widget-container\">\n\t\t\t\t\t<div class=\"elementor-counter\">\n\t\t\t<div class=\"elementor-counter-title\">godina iskustva<\/div>\t\t\t<div class=\"elementor-counter-number-wrapper\">\n\t\t\t\t<span class=\"elementor-counter-number-prefix\"><\/span>\n\t\t\t\t<span class=\"elementor-counter-number\" data-duration=\"2000\" data-to-value=\"10\" data-from-value=\"0\" data-delimiter=\",\">0<\/span>\n\t\t\t\t<span class=\"elementor-counter-number-suffix\"><\/span>\n\t\t\t<\/div>\n\t\t<\/div>\n\t\t\t\t<\/div>\n\t\t\t\t<\/div>\n\t\t\t\t\t<\/div>\n\t\t<\/div>\n\t\t\t\t\t<\/div>\n\t\t<\/section>\n\t\t\t\t<section class=\"elementor-section elementor-top-section elementor-element elementor-element-8e56183 elementor-section-boxed elementor-section-height-default elementor-section-height-default\" data-id=\"8e56183\" data-element_type=\"section\">\n\t\t\t\t\t\t<div class=\"elementor-container elementor-column-gap-default\">\n\t\t\t\t\t<div class=\"elementor-column elementor-col-100 elementor-top-column elementor-element elementor-element-c110e65\" data-id=\"c110e65\" data-element_type=\"column\">\n\t\t\t<div class=\"elementor-widget-wrap elementor-element-populated\">\n\t\t\t\t\t\t<div class=\"elementor-element elementor-element-ed793d4 elementor-widget elementor-widget-spacer\" data-id=\"ed793d4\" data-element_type=\"widget\" data-widget_type=\"spacer.default\">\n\t\t\t\t<div class=\"elementor-widget-container\">\n\t\t\t\t\t<div class=\"elementor-spacer\">\n\t\t\t<div class=\"elementor-spacer-inner\"><\/div>\n\t\t<\/div>\n\t\t\t\t<\/div>\n\t\t\t\t<\/div>\n\t\t\t\t\t<\/div>\n\t\t<\/div>\n\t\t\t\t\t<\/div>\n\t\t<\/section>\n\t\t\t\t<section class=\"elementor-section elementor-top-section elementor-element elementor-element-53f7952 elementor-section-boxed elementor-section-height-default elementor-section-height-default\" data-id=\"53f7952\" data-element_type=\"section\">\n\t\t\t\t\t\t<div class=\"elementor-container elementor-column-gap-default\">\n\t\t\t\t\t<div class=\"elementor-column elementor-col-25 elementor-top-column elementor-element elementor-element-c2719f9\" data-id=\"c2719f9\" data-element_type=\"column\">\n\t\t\t<div class=\"elementor-widget-wrap\">\n\t\t\t\t\t\t\t<\/div>\n\t\t<\/div>\n\t\t\t\t<div class=\"elementor-column elementor-col-50 elementor-top-column elementor-element elementor-element-f5fe51d\" data-id=\"f5fe51d\" data-element_type=\"column\">\n\t\t\t<div class=\"elementor-widget-wrap elementor-element-populated\">\n\t\t\t\t\t\t<div class=\"elementor-element elementor-element-151d7c0 elementor-widget elementor-widget-text-editor\" data-id=\"151d7c0\" data-element_type=\"widget\" data-widget_type=\"text-editor.default\">\n\t\t\t\t<div class=\"elementor-widget-container\">\n\t\t\t\t\t\t\t<p style=\"text-align: center;\"><strong>Za sve informacije Vam na raspolaganju stoji na\u0161a Slu\u017eba za korisnike svakim radnim danom od 9:00 do 17:00 sati.<\/strong><\/p>\t\t\t\t\t\t<\/div>\n\t\t\t\t<\/div>\n\t\t\t\t<div class=\"elementor-element elementor-element-1370678 elementor-align-center elementor-widget elementor-widget-button\" data-id=\"1370678\" data-element_type=\"widget\" data-widget_type=\"button.default\">\n\t\t\t\t<div class=\"elementor-widget-container\">\n\t\t\t\t\t<div class=\"elementor-button-wrapper\">\n\t\t\t<a class=\"elementor-button elementor-button-link elementor-size-md\" href=\"https:\/\/ritambalkana.com\/promo\/kontakt\/\">\n\t\t\t\t\t\t<span class=\"elementor-button-content-wrapper\">\n\t\t\t\t\t\t\t\t\t<span class=\"elementor-button-text\">Po\u0161aji upit<\/span>\n\t\t\t\t\t<\/span>\n\t\t\t\t\t<\/a>\n\t\t<\/div>\n\t\t\t\t<\/div>\n\t\t\t\t<\/div>\n\t\t\t\t\t<\/div>\n\t\t<\/div>\n\t\t\t\t<div class=\"elementor-column elementor-col-25 elementor-top-column elementor-element elementor-element-1420b37\" data-id=\"1420b37\" data-element_type=\"column\">\n\t\t\t<div class=\"elementor-widget-wrap\">\n\t\t\t\t\t\t\t<\/div>\n\t\t<\/div>\n\t\t\t\t\t<\/div>\n\t\t<\/section>\n\t\t\t\t<section class=\"elementor-section elementor-top-section elementor-element elementor-element-c5f7c0e elementor-section-boxed elementor-section-height-default elementor-section-height-default\" data-id=\"c5f7c0e\" data-element_type=\"section\">\n\t\t\t\t\t\t<div class=\"elementor-container elementor-column-gap-default\">\n\t\t\t\t\t<div class=\"elementor-column elementor-col-100 elementor-top-column elementor-element elementor-element-04ca31e\" data-id=\"04ca31e\" data-element_type=\"column\">\n\t\t\t<div class=\"elementor-widget-wrap elementor-element-populated\">\n\t\t\t\t\t\t<div class=\"elementor-element elementor-element-1738cac elementor-widget elementor-widget-spacer\" data-id=\"1738cac\" data-element_type=\"widget\" data-widget_type=\"spacer.default\">\n\t\t\t\t<div class=\"elementor-widget-container\">\n\t\t\t\t\t<div class=\"elementor-spacer\">\n\t\t\t<div class=\"elementor-spacer-inner\"><\/div>\n\t\t<\/div>\n\t\t\t\t<\/div>\n\t\t\t\t<\/div>\n\t\t\t\t\t<\/div>\n\t\t<\/div>\n\t\t\t\t\t<\/div>\n\t\t<\/section>\n\t\t\t\t<\/div>\n\t\t","protected":false},"excerpt":{"rendered":"<p>RB Promo, pru\u017ea usluge od odnosa s javno\u0161\u0107u, digitalnih komunikacija, contenta, digitalnih kreativnih rje\u0161enja, performance marketinga do izrade web stranica i aplikacija. Pomagati na\u0161im klijenima u poslu zna\u010di predstavljati ih publici na nove na\u010dine. Ve\u0107ina marketin\u0161kih poruka u kona\u010dnici zvu\u010di op\u0107enito, jer velik broj agencija ne uzima vremena za istinsko razumijevanje svojih klijenata i pri\u010da [&hellip;] <a class=\"g1-link g1-link-more\" href=\"https:\/\/ritambalkana.com\/promo\/o-nama\/\">More<\/a><\/p>\n","protected":false},"author":1,"featured_media":0,"parent":0,"menu_order":0,"comment_status":"closed","ping_status":"closed","template":"","meta":{"_aioseop_title":"","_aioseop_description":"","iawp_total_views":13,"footnotes":""},"class_list":["post-4627","page","type-page","status-publish"],"wps_subtitle":"","_links":{"self":[{"href":"https:\/\/ritambalkana.com\/promo\/wp-json\/wp\/v2\/pages\/4627"}],"collection":[{"href":"https:\/\/ritambalkana.com\/promo\/wp-json\/wp\/v2\/pages"}],"about":[{"href":"https:\/\/ritambalkana.com\/promo\/wp-json\/wp\/v2\/types\/page"}],"author":[{"embeddable":true,"href":"https:\/\/ritambalkana.com\/promo\/wp-json\/wp\/v2\/users\/1"}],"replies":[{"embeddable":true,"href":"https:\/\/ritambalkana.com\/promo\/wp-json\/wp\/v2\/comments?post=4627"}],"version-history":[{"count":85,"href":"https:\/\/ritambalkana.com\/promo\/wp-json\/wp\/v2\/pages\/4627\/revisions"}],"predecessor-version":[{"id":5187,"href":"https:\/\/ritambalkana.com\/promo\/wp-json\/wp\/v2\/pages\/4627\/revisions\/5187"}],"wp:attachment":[{"href":"https:\/\/ritambalkana.com\/promo\/wp-json\/wp\/v2\/media?parent=4627"}],"curies":[{"name":"wp","href":"https:\/\/api.w.org\/{rel}","templated":true}]}}