{"id":6517,"date":"2023-11-28T10:35:52","date_gmt":"2023-11-28T09:35:52","guid":{"rendered":"https:\/\/ritambalkana.com\/net\/?page_id=6517"},"modified":"2023-11-28T10:35:54","modified_gmt":"2023-11-28T09:35:54","slug":"povjerljivost-podataka","status":"publish","type":"page","link":"https:\/\/ritambalkana.com\/net\/povjerljivost-podataka\/","title":{"rendered":"Povjerljivost podataka"},"content":{"rendered":"\n<p>Ova Izjava o povjerljivosti podataka (dalje u tekstu: Izjava) odnosi se na povjerljivost podataka koji su kori\u0161tenjem internetskih stranica ritambalkana.com\/digital od strane korisnika, prikupljeni i pohranjeni u bazama podataka Ritma Balkana.<\/p>\n\n\n\n<p>Prikupljeni podaci se dijele na osobne i neosobne infomacije. Ritam Balkana kao pru\u017eatelj usluga internetskih stranica ritambalkana.com\/digital ula\u017ee maksimalne napore radi za\u0161tite Va\u0161e privatnosti kad ste \u201conline\u201d kao korisnik. Kako biste lak\u0161e razumjeli koje informacije prikupljamo i kako koristimo te informacije od Vas se tra\u017ei da pa\u017eljivo pro\u010ditajte ovu Izjavu.<\/p>\n\n\n\n<p>Zadr\u017eavamo diskrecijsko pravo da ovu Izjavu mo\u017eemo izmijeniti u svako doba, te da tako izmijenjen tekst postaje va\u017ee\u0107i odmah po objavi istog na internetskim stranicama ritambalkana.com\/digital. Nastavak Va\u0161eg kori\u0161tenja ove Internetske stranice nakon izmjena, podrazumijeva da prihva\u0107ate sve uvjete tako izmijenjene Izjave. Stoga savjetujemo korisnike da periodi\u010dno ponovno detaljno pro\u010ditaju informacije sadr\u017eane u Izjavi, a kako bi bili informirani o eventualnim promjenama.<\/p>\n\n\n\n<p>\u02ddOsobne informacije\u02dd su informacije koje odre\u0111uju to\u010dno pojedinog korisnika. Prilikom kori\u0161tenja internetskih stranicama ritambalkana.com\/digital mo\u017eemo Vas za kori\u0161tenje odre\u0111ene opcije zatra\u017eiti odre\u0111ene osobne informacije, kao \u0161to su ime i prezime, adresa stanovanja, email adresa, telefonski broj, datum ro\u0111enja i sl. Pri kori\u0161tenju opcije naru\u010divanja\/rezerviranja ponude proizvoda\/usluge mo\u017eemo Vas zatra\u017eiti da nam date informacije o broju va\u0161e kreditne kartice, datumu valjanosti, kod za autorizaciju te druge s tim povezane informacije. Ovisno o vrstama opcija koje \u017eelite koristiti na internetskim stranicama ritambalkana.com\/digital neke informacije su odre\u0111ene kao obavezne, a neke kao dobrovoljne. U slu\u010daju da ne u\u010dinite dostupnima obavezne informacije za odre\u0111enu opciju koja ih zahtijeva, ne\u0107e vam biti dopu\u0161teno kori\u0161tenje te opcije.<\/p>\n\n\n\n<p>Osobne informacije koristimo isklju\u010divo i samo kako bi Vam ponudili proizvode\/usluge, unaprijedili rad internetskih stranicama ritambalkana.com\/digital, osigurali provedbu administracijskih zadataka, uspostavljanje kontakta s vama, pobolj\u0161ali na\u0161e ogla\u0161iva\u010dke i promocijske rezultate te pobolj\u0161ali na\u0161u ponudu proizvoda\/usluga na tr\u017ei\u0161tu, kao i u svrhu suradnje sa institucijama odgovornih za provo\u0111enje zakona. Zadr\u017eavamo pravo da Va\u0161e osobne informacije priop\u0107imo samo financijskoj instituciji (banci) i Partneru od kojega ste kupili odre\u0111eni proizvod\/uslugu i to isklju\u010divo u svrhu realizacije kupnje. Ritam Balkana se ogra\u0111uje od eventualnog kori\u0161tenja osobnih informacija od strane drugih osoba u bilo koje druge svrhe od navedene, te stoga ne mo\u017ee biti ni odgovorna za eventualnu \u0161tetu.<\/p>\n\n\n\n<p>\u02ddNeosobne informacije\u02dd su informacije koje ne odre\u0111uju to\u010dno pojedinog korisnika. Ove informacije odnose se primjerice na podatke koju ste internetsku stranicu posjetili prije ili poslije nego li ste posjetili internetsku stranicu ritambalkana.com\/digital, vrstu pretra\u017eiva\u010da kojeg koristite te va\u0161u Internet Protocol (IP) adresu. Ova vrsta informacija mo\u017ee se uz pomo\u0107 elektronskih alata automatski prikupljati u trenutku kad posjetite internetsku stranicama ritambalkana.com\/digital. Neosobne informacije mo\u017eemo bez ograni\u010denja koristiti za rje\u0161avanje problema administriranja internetske stranice ritambalkana.com\/digital, kako bismo pobolj\u0161ali na\u0161e ogla\u0161iva\u010dke i promocijske rezultate te pobolj\u0161ali na\u0161u ponudu proizvoda\/usluga na tr\u017ei\u0161tu, analizu trendova, skupljanje demografskih podataka, analizu sukladnosti s pozitivnim propisima i suradnju sa institucijama odgovornih za provo\u0111enje zakona.<\/p>\n\n\n\n<p>\u201cAdministrativne e-mail poruke\u201d odnose se na korisni\u010dku aktivnost na internetskoj stranici ritambalkana.com\/digital i uklju\u010duju poruke u vezi s odre\u0111enim korisni\u010dkim ra\u010dunima, zahtjeve ili upite te poruke u vezi s kupnjom proizvoda\/usluga. Primanje ove vrste poruka je obavezno te se opcija primanja ne mo\u017ee isklju\u010diti od strane korisnika.<\/p>\n\n\n\n<p>\u02ddPromotivne email poruke\u02dd ogla\u0161avaju proizvode\/usluge iz ponude, takve poruke \u0161alju se korisnicima koji su odabrali opciju primanja Promotivnih email poruka. U slu\u010daju da ne \u017eelite primati takve poruke u bilo kojem trenutku nakon registriranja mo\u017eete otkazati primanje Promotivnih email poruka slanjem email poruke s takvim zahtjevom na na\u0161u email adresu.<\/p>\n\n\n\n<p>Va\u0161im osobnim informacijama na internetskoj stranici ritambalkana.com\/digital mo\u017eete pristupiti pomo\u0107u zaporke i korisni\u010dkog imena. S obzirom da je zaporka kriptirana preporu\u010damo da nikome ne otkrivate va\u0161u zaporku. Va\u0161e osobne informacije se \u010duvaju na serveru kojemu mogu pristupiti samo ovla\u0161tene osobe. Odre\u0111ene osjetljive informacije se kriptiraju koriste\u0107i Secure Socket Layer (SSL) tehnologiju, na taj na\u010din nastojimo osigurati da su Va\u0161e osobne informacije van dosega neovla\u0161tenom kori\u0161tenju.<\/p>\n\n\n\n<p>Zbog prirode internetske mre\u017ee ne mo\u017eemo jam\u010diti potpunu za\u0161titu bilo koje informacije prenesene na, ili s internetske stranice ritambalkana.com\/digital pa stoga nismo odgovorni za bilo kakve eventualne \u0161tetne radnje bilo koje tre\u0107e osobe koja takve povjerljive informacije neovla\u0161teno primi i koristi ili neovla\u0161teno otu\u0111i. Informacije koje ste objavili na javnim dijelovima internetske stranice ritambalkana.com\/digital mogu tako\u0111er biti dostupne drugim korisnicima i tre\u0107im osobama, te se kao takve mogu bez Va\u0161eg znanja pojaviti na drugim internetskim stranicama ili web pretra\u017eiva\u010dima, ni u tom slu\u010daju nismo odgovorni za bilo kakvu eventualnu \u0161tetu. Ova Izjava odnosi se samo na kori\u0161tenje informacija koje prikupljamo od Vas kao korisnika internetske stranice ritambalkana.com\/digital. Druge internetske stranice kojima se mo\u017ee pristupiti putem internetske stranice ritambalkana.com\/digital imaju svoje vlastite izjave o povjerljivosti podataka. S obzirom da Ritam Balkana nije ni na koji na\u010din odgovoran za na\u010dine i uvjete rada tre\u0107ih osoba, preporu\u010dujemo Vam da prije po\u010dinjanja kori\u0161tenja tih drugih internet stranica pregledate pa\u017eljivo izjavu o povjerljivosti podataka te stranice.<\/p>\n\n\n\n<p>Ako imate bilo kakva pitanja u vezi povjerljivosti podataka, ili ako \u017eelite promijeniti ili a\u017eurirati neke od podataka molimo vas dan nam po\u0161aljete email poruku s potrebnim informacijama na na\u0161u email adresu.<\/p>\n\n\n\n<p>Registracijom\/otvaranjem korisni\u010dkog ra\u010duna na internetskoj stranici ritambalkana.com\/digital smatra se da je korisnik ovu Izjavi o povjerljivosti podataka u cijelosti pro\u010ditao, razumio i prihvatio.<\/p>\n","protected":false},"excerpt":{"rendered":"<p>Ova Izjava o povjerljivosti podataka (dalje u tekstu: Izjava) odnosi se na povjerljivost podataka koji su kori\u0161tenjem internetskih stranica ritambalkana.com\/digital od strane korisnika, prikupljeni i pohranjeni u bazama podataka Ritma Balkana. Prikupljeni podaci se dijele na osobne i neosobne infomacije. Ritam Balkana kao pru\u017eatelj usluga internetskih stranica ritambalkana.com\/digital ula\u017ee maksimalne napore radi za\u0161tite Va\u0161e privatnosti [&hellip;] <a class=\"g1-link g1-link-more\" href=\"https:\/\/ritambalkana.com\/net\/povjerljivost-podataka\/\">More<\/a><\/p>\n","protected":false},"author":1,"featured_media":0,"parent":0,"menu_order":0,"comment_status":"closed","ping_status":"closed","template":"g1-template-page-full.php","meta":{"_aioseop_title":"","_aioseop_description":"","iawp_total_views":1,"footnotes":""},"class_list":["post-6517","page","type-page","status-publish"],"wps_subtitle":"","_links":{"self":[{"href":"https:\/\/ritambalkana.com\/net\/wp-json\/wp\/v2\/pages\/6517"}],"collection":[{"href":"https:\/\/ritambalkana.com\/net\/wp-json\/wp\/v2\/pages"}],"about":[{"href":"https:\/\/ritambalkana.com\/net\/wp-json\/wp\/v2\/types\/page"}],"author":[{"embeddable":true,"href":"https:\/\/ritambalkana.com\/net\/wp-json\/wp\/v2\/users\/1"}],"replies":[{"embeddable":true,"href":"https:\/\/ritambalkana.com\/net\/wp-json\/wp\/v2\/comments?post=6517"}],"version-history":[{"count":1,"href":"https:\/\/ritambalkana.com\/net\/wp-json\/wp\/v2\/pages\/6517\/revisions"}],"predecessor-version":[{"id":6518,"href":"https:\/\/ritambalkana.com\/net\/wp-json\/wp\/v2\/pages\/6517\/revisions\/6518"}],"wp:attachment":[{"href":"https:\/\/ritambalkana.com\/net\/wp-json\/wp\/v2\/media?parent=6517"}],"curies":[{"name":"wp","href":"https:\/\/api.w.org\/{rel}","templated":true}]}}