{"id":357,"date":"2016-01-15T10:09:56","date_gmt":"2016-01-15T10:09:56","guid":{"rendered":"http:\/\/bimber-live.localhost\/?page_id=357"},"modified":"2023-11-28T10:44:52","modified_gmt":"2023-11-28T09:44:52","slug":"pridruzi-se-mrezi","status":"publish","type":"page","link":"https:\/\/ritambalkana.com\/net\/pridruzi-se-mrezi\/","title":{"rendered":"Pridru\u017ei se mre\u017ei"},"content":{"rendered":"\n<div class=\"wpcf7 no-js\" id=\"wpcf7-f6454-o1\" lang=\"hr\" dir=\"ltr\">\n<div class=\"screen-reader-response\"><p role=\"status\" aria-live=\"polite\" aria-atomic=\"true\"><\/p> <ul><\/ul><\/div>\n<form action=\"\/net\/wp-json\/wp\/v2\/pages\/357#wpcf7-f6454-o1\" method=\"post\" class=\"wpcf7-form init\" aria-label=\"Kontakt obrazac\" novalidate=\"novalidate\" data-status=\"init\">\n<div style=\"display: none;\">\n<input type=\"hidden\" name=\"_wpcf7\" value=\"6454\" \/>\n<input type=\"hidden\" name=\"_wpcf7_version\" value=\"5.9.7\" \/>\n<input type=\"hidden\" name=\"_wpcf7_locale\" value=\"hr\" \/>\n<input type=\"hidden\" name=\"_wpcf7_unit_tag\" value=\"wpcf7-f6454-o1\" \/>\n<input type=\"hidden\" name=\"_wpcf7_container_post\" value=\"0\" \/>\n<input type=\"hidden\" name=\"_wpcf7_posted_data_hash\" value=\"\" \/>\n<input type=\"hidden\" name=\"_wpcf7_recaptcha_response\" value=\"\" \/>\n<\/div>\n<p><label> Va\u0161e ime (obavezno):<br \/>\n<span class=\"wpcf7-form-control-wrap\" data-name=\"your-name\"><input size=\"40\" maxlength=\"400\" class=\"wpcf7-form-control wpcf7-text wpcf7-validates-as-required\" aria-required=\"true\" aria-invalid=\"false\" value=\"\" type=\"text\" name=\"your-name\" \/><\/span> <\/label>\n<\/p>\n<p><label> Va\u0161 medij:<br \/>\n<span class=\"wpcf7-form-control-wrap\" data-name=\"text-316\"><input size=\"40\" maxlength=\"400\" class=\"wpcf7-form-control wpcf7-text\" aria-invalid=\"false\" value=\"\" type=\"text\" name=\"text-316\" \/><\/span> <\/label>\n<\/p>\n<p><label> Va\u0161a e-po\u0161ta (obavezno):<br \/>\n<span class=\"wpcf7-form-control-wrap\" data-name=\"your-email\"><input size=\"40\" maxlength=\"400\" class=\"wpcf7-form-control wpcf7-email wpcf7-validates-as-required wpcf7-text wpcf7-validates-as-email\" aria-required=\"true\" aria-invalid=\"false\" value=\"\" type=\"email\" name=\"your-email\" \/><\/span> <\/label>\n<\/p>\n<p><label> Naslov:<br \/>\n<span class=\"wpcf7-form-control-wrap\" data-name=\"your-subject\"><input size=\"40\" maxlength=\"400\" class=\"wpcf7-form-control wpcf7-text\" aria-invalid=\"false\" value=\"\" type=\"text\" name=\"your-subject\" \/><\/span> <\/label>\n<\/p>\n<p><label> Va\u0161a poruka:<br \/>\n<span class=\"wpcf7-form-control-wrap\" data-name=\"your-message\"><textarea cols=\"40\" rows=\"10\" maxlength=\"2000\" class=\"wpcf7-form-control wpcf7-textarea\" aria-invalid=\"false\" name=\"your-message\"><\/textarea><\/span> <\/label>\n<\/p>\n\n<p><input class=\"wpcf7-form-control wpcf7-submit has-spinner\" type=\"submit\" value=\"Po\u0161alji\" \/>\n<\/p><div class=\"wpcf7-response-output\" aria-hidden=\"true\"><\/div>\n<\/form>\n<\/div>\n\n","protected":false},"excerpt":{"rendered":"Va\u0161e ime (obavezno): Va\u0161 medij: Va\u0161a e-po\u0161ta (obavezno): Naslov: Va\u0161a poruka:","protected":false},"author":1,"featured_media":0,"parent":0,"menu_order":0,"comment_status":"closed","ping_status":"closed","template":"","meta":{"_aioseop_title":"","_aioseop_description":"","iawp_total_views":14,"footnotes":""},"class_list":["post-357","page","type-page","status-publish"],"wps_subtitle":"","_links":{"self":[{"href":"https:\/\/ritambalkana.com\/net\/wp-json\/wp\/v2\/pages\/357"}],"collection":[{"href":"https:\/\/ritambalkana.com\/net\/wp-json\/wp\/v2\/pages"}],"about":[{"href":"https:\/\/ritambalkana.com\/net\/wp-json\/wp\/v2\/types\/page"}],"author":[{"embeddable":true,"href":"https:\/\/ritambalkana.com\/net\/wp-json\/wp\/v2\/users\/1"}],"replies":[{"embeddable":true,"href":"https:\/\/ritambalkana.com\/net\/wp-json\/wp\/v2\/comments?post=357"}],"version-history":[{"count":2,"href":"https:\/\/ritambalkana.com\/net\/wp-json\/wp\/v2\/pages\/357\/revisions"}],"predecessor-version":[{"id":6521,"href":"https:\/\/ritambalkana.com\/net\/wp-json\/wp\/v2\/pages\/357\/revisions\/6521"}],"wp:attachment":[{"href":"https:\/\/ritambalkana.com\/net\/wp-json\/wp\/v2\/media?parent=357"}],"curies":[{"name":"wp","href":"https:\/\/api.w.org\/{rel}","templated":true}]}}